{"id":1322,"date":"2026-04-14T12:57:15","date_gmt":"2026-04-14T16:57:15","guid":{"rendered":"https:\/\/shtlp.stuartcenter.org\/foro-de-debate\/"},"modified":"2026-04-14T13:03:58","modified_gmt":"2026-04-14T17:03:58","slug":"foro-de-debate","status":"publish","type":"page","link":"https:\/\/shtlp.stuartcenter.org\/es\/foro-de-debate\/","title":{"rendered":"Foro de debate"},"content":{"rendered":"<style>.kb-row-layout-id1321_319728-f6 > .kt-row-column-wrap{align-content:start;}:where(.kb-row-layout-id1321_319728-f6 > .kt-row-column-wrap) > .wp-block-kadence-column{justify-content:start;}.kb-row-layout-id1321_319728-f6 > .kt-row-column-wrap{column-gap:var(--global-kb-gap-md, 2rem);row-gap:var(--global-kb-gap-md, 2rem);max-width:800px;margin-left:auto;margin-right:auto;padding-top:var(--global-kb-spacing-sm, 1.5rem);padding-bottom:var(--global-kb-spacing-sm, 1.5rem);grid-template-columns:minmax(0, 1fr);}.kb-row-layout-id1321_319728-f6{background-color:#ececec;}.kb-row-layout-id1321_319728-f6 > .kt-row-layout-overlay{opacity:0.30;}@media all and (max-width: 1024px){.kb-row-layout-id1321_319728-f6 > .kt-row-column-wrap{grid-template-columns:minmax(0, 1fr);}}@media all and (max-width: 767px){.kb-row-layout-id1321_319728-f6 > .kt-row-column-wrap{grid-template-columns:minmax(0, 1fr);}}<\/style><div class=\"kb-row-layout-wrap kb-row-layout-id1321_319728-f6 alignnone kt-row-has-bg wp-block-kadence-rowlayout\"><div class=\"kt-row-column-wrap kt-has-1-columns kt-row-layout-equal kt-tab-layout-inherit kt-mobile-layout-row kt-row-valign-top\">\n<style>.kadence-column1321_46db94-03 > .kt-inside-inner-col,.kadence-column1321_46db94-03 > .kt-inside-inner-col:before{border-top-left-radius:0px;border-top-right-radius:0px;border-bottom-right-radius:0px;border-bottom-left-radius:0px;}.kadence-column1321_46db94-03 > .kt-inside-inner-col{column-gap:var(--global-kb-gap-sm, 1rem);}.kadence-column1321_46db94-03 > .kt-inside-inner-col{flex-direction:column;}.kadence-column1321_46db94-03 > .kt-inside-inner-col > .aligncenter{width:100%;}.kadence-column1321_46db94-03 > .kt-inside-inner-col:before{opacity:0.3;}.kadence-column1321_46db94-03{position:relative;}@media all and (max-width: 1024px){.kadence-column1321_46db94-03 > .kt-inside-inner-col{flex-direction:column;justify-content:center;}}@media all and (max-width: 767px){.kadence-column1321_46db94-03 > .kt-inside-inner-col{flex-direction:column;justify-content:center;}}<\/style>\n<div class=\"wp-block-kadence-column kadence-column1321_46db94-03\"><div class=\"kt-inside-inner-col\"><style>.wp-block-kadence-advancedheading.kt-adv-heading1321_690fda-e6, .wp-block-kadence-advancedheading.kt-adv-heading1321_690fda-e6[data-kb-block=\"kb-adv-heading1321_690fda-e6\"]{font-style:normal;}.wp-block-kadence-advancedheading.kt-adv-heading1321_690fda-e6 mark.kt-highlight, .wp-block-kadence-advancedheading.kt-adv-heading1321_690fda-e6[data-kb-block=\"kb-adv-heading1321_690fda-e6\"] mark.kt-highlight{font-style:normal;color:#f76a0c;-webkit-box-decoration-break:clone;box-decoration-break:clone;padding-top:0px;padding-right:0px;padding-bottom:0px;padding-left:0px;}.wp-block-kadence-advancedheading.kt-adv-heading1321_690fda-e6 img.kb-inline-image, .wp-block-kadence-advancedheading.kt-adv-heading1321_690fda-e6[data-kb-block=\"kb-adv-heading1321_690fda-e6\"] img.kb-inline-image{width:150px;vertical-align:baseline;}<\/style>\n<h2 class=\"kt-adv-heading1321_690fda-e6 wp-block-kadence-advancedheading\" data-kb-block=\"kb-adv-heading1321_690fda-e6\">Foro de debate de estudiantes actuales y pasados<\/h2>\n\n\n\n<div id=\"bbpress-forums\" class=\"bbpress-wrapper\">\n\n\t\n\t\n\t\n\t\n\t\n\t\t\n\t\t<div class=\"bbp-template-notice info\"><ul><li class=\"bbp-topic-description\">Este debate tiene 2 respuestas, 2 mensajes y ha sido actualizado por \u00faltima vez el <a href=\"https:\/\/shtlp.stuartcenter.org\/es\/forums\/topic\/current-and-past-student-discussion-board\/#post-987\" title=\"Respuesta a: Current and Past Student Discussion Board\">hace 3 semanas<\/a> por <a href=\"https:\/\/shtlp.stuartcenter.org\/es\/forums\/users\/jmorfinstuartcenter-org\/\" title=\"Ver perfil de Jenny\" class=\"bbp-author-link\"><span  class=\"bbp-author-avatar\"><\/span><span  class=\"bbp-author-name\">Jenny<\/span><\/a>.<\/li><\/ul><\/div>\n\t\t\n\t\t\n\t\t\t\n\t\t\t\n<ul id=\"topic-780-replies\" class=\"forums bbp-replies\">\n\n\t<li class=\"bbp-header\">\n\t\t<div class=\"bbp-reply-author\">Autor<\/div><!-- .bbp-reply-author -->\n\t\t<div class=\"bbp-reply-content\">Entradas<\/div><!-- .bbp-reply-content -->\n\t<\/li><!-- .bbp-header -->\n\n\t<li class=\"bbp-body\">\n\n\t\t\n\t\t\t\n\t\t\t\t\n\n<div id=\"post-780\" class=\"loop-item-0 user-id-2 bbp-parent-forum-777 bbp-parent-topic-777 bbp-reply-position-1 odd topic-author  post-780 topic type-topic status-publish hentry\">\n\t<div class=\"bbp-reply-author\">\n\n\t\t\n\t\t\n\t\t\n\t<\/div><!-- .bbp-reply-author -->\n\n\t<div class=\"bbp-reply-content\">\n\n\t\t\t\t<div class=\"bbp-head-area\">\n\n\t\t\t<div class=\"reply-author-displayname\"><a href=\"https:\/\/shtlp.stuartcenter.org\/es\/forums\/users\/benfiatinsight-com\/\" title=\"Ver perfil de SHTLP Admin\" class=\"bbp-author-link\"><span  class=\"bbp-author-name\">SHTLP Admin<\/span><\/a><\/div>\n\n\t\t\t<div class=\"bbp-meta\">\n\n\t\t\t\tenero 23, 2026 a las 2:46 pm\n\t\t\t\t<a href=\"https:\/\/shtlp.stuartcenter.org\/es\/forums\/topic\/current-and-past-student-discussion-board\/#post-780\" title=\"Current and Past Student Discussion Board\" class=\"bbp-reply-permalink\">#780<\/a>\n\n\t\t\t<\/div><!-- .bbp-meta -->\n\t\t<\/div>\n\n\t\t\t\t\n\t\t\t<div class=\"bbpress-admin-settings-container\"><span class=\"kadence-svg-iconset\"><svg aria-hidden=\"true\" class=\"kadence-svg-icon kadence-settings-svg\" fill=\"currentColor\" version=\"1.1\" xmlns=\"http:\/\/www.w3.org\/2000\/svg\" width=\"32\" height=\"32\" viewBox=\"0 0 32 32\"><title>Ajustes<\/title><path d=\"M29.181 19.070c-1.679-2.908-0.669-6.634 2.255-8.328l-3.145-5.447c-0.898 0.527-1.943 0.829-3.058 0.829-3.361 0-6.085-2.742-6.085-6.125h-6.289c0.008 1.044-0.252 2.103-0.811 3.070-1.679 2.908-5.411 3.897-8.339 2.211l-3.144 5.447c0.905 0.515 1.689 1.268 2.246 2.234 1.676 2.903 0.672 6.623-2.241 8.319l3.145 5.447c0.895-0.522 1.935-0.82 3.044-0.82 3.35 0 6.067 2.725 6.084 6.092h6.289c-0.003-1.034 0.259-2.080 0.811-3.038 1.676-2.903 5.399-3.894 8.325-2.219l3.145-5.447c-0.899-0.515-1.678-1.266-2.232-2.226zM16 22.479c-3.578 0-6.479-2.901-6.479-6.479s2.901-6.479 6.479-6.479c3.578 0 6.479 2.901 6.479 6.479s-2.901 6.479-6.479 6.479z\"><\/path>\n\t\t\t\t<\/svg><\/span><span class=\"bbp-admin-links\"><\/span><\/div>\n\t\t\t\t\n\t<\/div><!-- .bbp-reply-content -->\n<\/div><!-- .reply -->\n\n\t\t\t\n\t\t\t\t\n\n<div id=\"post-919\" class=\"loop-item-1 user-id-65 bbp-parent-forum-777 bbp-parent-topic-780 bbp-reply-position-2 even  post-919 reply type-reply status-publish hentry\">\n\t<div class=\"bbp-reply-author\">\n\n\t\t\n\t\t\n\t\t\n\t<\/div><!-- .bbp-reply-author -->\n\n\t<div class=\"bbp-reply-content\">\n\n\t\t\t\t<div class=\"bbp-head-area\">\n\n\t\t\t<div class=\"reply-author-displayname\"><a href=\"https:\/\/shtlp.stuartcenter.org\/es\/forums\/users\/beatriz-alessio\/\" title=\"Ver perfil de Beatriz Alessio\" class=\"bbp-author-link\"><span  class=\"bbp-author-name\">Beatriz Alessio<\/span><\/a><\/div>\n\n\t\t\t<div class=\"bbp-meta\">\n\n\t\t\t\tmarzo 2, 2026 a las 8:37 pm\n\t\t\t\t<a href=\"https:\/\/shtlp.stuartcenter.org\/es\/forums\/topic\/current-and-past-student-discussion-board\/#post-919\" title=\"Respuesta a: Current and Past Student Discussion Board\" class=\"bbp-reply-permalink\">#919<\/a>\n\n\t\t\t<\/div><!-- .bbp-meta -->\n\t\t<\/div>\n\n\t\t<p>Hola: Buenas tardes.<br \/>\nMe va a ser imposible seguir el diplomado los martes. Tengo que acompa\u00f1ar a una persona los martes por la tarde, pero puedo seguir la grabaci\u00f3n. Trat\u00e9 de cambiar la hora, pero  me fue imposible hacerlo<br \/>\nMil greacias<br \/>\nBeatriz<\/p>\n\t\t\n\t\t\t<div class=\"bbpress-admin-settings-container\"><span class=\"kadence-svg-iconset\"><svg aria-hidden=\"true\" class=\"kadence-svg-icon kadence-settings-svg\" fill=\"currentColor\" version=\"1.1\" xmlns=\"http:\/\/www.w3.org\/2000\/svg\" width=\"32\" height=\"32\" viewBox=\"0 0 32 32\"><title>Ajustes<\/title><path d=\"M29.181 19.070c-1.679-2.908-0.669-6.634 2.255-8.328l-3.145-5.447c-0.898 0.527-1.943 0.829-3.058 0.829-3.361 0-6.085-2.742-6.085-6.125h-6.289c0.008 1.044-0.252 2.103-0.811 3.070-1.679 2.908-5.411 3.897-8.339 2.211l-3.144 5.447c0.905 0.515 1.689 1.268 2.246 2.234 1.676 2.903 0.672 6.623-2.241 8.319l3.145 5.447c0.895-0.522 1.935-0.82 3.044-0.82 3.35 0 6.067 2.725 6.084 6.092h6.289c-0.003-1.034 0.259-2.080 0.811-3.038 1.676-2.903 5.399-3.894 8.325-2.219l3.145-5.447c-0.899-0.515-1.678-1.266-2.232-2.226zM16 22.479c-3.578 0-6.479-2.901-6.479-6.479s2.901-6.479 6.479-6.479c3.578 0 6.479 2.901 6.479 6.479s-2.901 6.479-6.479 6.479z\"><\/path>\n\t\t\t\t<\/svg><\/span><span class=\"bbp-admin-links\"><\/span><\/div>\n\t\t\t\t\n\t<\/div><!-- .bbp-reply-content -->\n<\/div><!-- .reply -->\n\n\t\t\t\n\t\t\t\t\n\n<div id=\"post-987\" class=\"loop-item-2 user-id-9 bbp-parent-forum-777 bbp-parent-topic-780 bbp-reply-position-3 odd  post-987 reply type-reply status-publish hentry\">\n\t<div class=\"bbp-reply-author\">\n\n\t\t\n\t\t\n\t\t\n\t<\/div><!-- .bbp-reply-author -->\n\n\t<div class=\"bbp-reply-content\">\n\n\t\t\t\t<div class=\"bbp-head-area\">\n\n\t\t\t<div class=\"reply-author-displayname\"><a href=\"https:\/\/shtlp.stuartcenter.org\/es\/forums\/users\/jmorfinstuartcenter-org\/\" title=\"Ver perfil de Jenny\" class=\"bbp-author-link\"><span  class=\"bbp-author-name\">Jenny<\/span><\/a><\/div>\n\n\t\t\t<div class=\"bbp-meta\">\n\n\t\t\t\tmarzo 24, 2026 a las 3:22 pm\n\t\t\t\t<a href=\"https:\/\/shtlp.stuartcenter.org\/es\/forums\/topic\/current-and-past-student-discussion-board\/#post-987\" title=\"Respuesta a: Current and Past Student Discussion Board\" class=\"bbp-reply-permalink\">#987<\/a>\n\n\t\t\t<\/div><!-- .bbp-meta -->\n\t\t<\/div>\n\n\t\t<p>Gracias Beatriz, fue un curso hermoso, ojal\u00e1 se te acomoden mejor los horarios en el pr\u00f3ximo ciclo.<\/p>\n<div class=\"bbp-attachments\"><h6>Adjuntos:<\/h6>Debes <a href='https:\/\/shtlp.stuartcenter.org\/wp-login.php?redirect_to=https%3A%2F%2Fshtlp.stuartcenter.org%2Fes%2Fforums%2Freply%2F987%2F'>acceder<\/a> para ver los archivos adjuntos.<\/div>\t\t\n\t\t\t<div class=\"bbpress-admin-settings-container\"><span class=\"kadence-svg-iconset\"><svg aria-hidden=\"true\" class=\"kadence-svg-icon kadence-settings-svg\" fill=\"currentColor\" version=\"1.1\" xmlns=\"http:\/\/www.w3.org\/2000\/svg\" width=\"32\" height=\"32\" viewBox=\"0 0 32 32\"><title>Ajustes<\/title><path d=\"M29.181 19.070c-1.679-2.908-0.669-6.634 2.255-8.328l-3.145-5.447c-0.898 0.527-1.943 0.829-3.058 0.829-3.361 0-6.085-2.742-6.085-6.125h-6.289c0.008 1.044-0.252 2.103-0.811 3.070-1.679 2.908-5.411 3.897-8.339 2.211l-3.144 5.447c0.905 0.515 1.689 1.268 2.246 2.234 1.676 2.903 0.672 6.623-2.241 8.319l3.145 5.447c0.895-0.522 1.935-0.82 3.044-0.82 3.35 0 6.067 2.725 6.084 6.092h6.289c-0.003-1.034 0.259-2.080 0.811-3.038 1.676-2.903 5.399-3.894 8.325-2.219l3.145-5.447c-0.899-0.515-1.678-1.266-2.232-2.226zM16 22.479c-3.578 0-6.479-2.901-6.479-6.479s2.901-6.479 6.479-6.479c3.578 0 6.479 2.901 6.479 6.479s-2.901 6.479-6.479 6.479z\"><\/path>\n\t\t\t\t<\/svg><\/span><span class=\"bbp-admin-links\"><\/span><\/div>\n\t\t\t\t\n\t<\/div><!-- .bbp-reply-content -->\n<\/div><!-- .reply -->\n\n\t\t\t\n\t\t\n\t<\/li><!-- .bbp-body -->\n\n\t<li class=\"bbp-footer\">\n\t\t<div class=\"bbp-reply-author\">Autor<\/div>\n\t\t<div class=\"bbp-reply-content\">Entradas<\/div><!-- .bbp-reply-content -->\n\t<\/li><!-- .bbp-footer -->\n<\/ul><!-- #topic-780-replies -->\n\n\n\t\t\t\n\t\t\n\t\t\n\n\t<div id=\"no-reply-780\" class=\"bbp-no-reply\">\n\t\t<div class=\"bbp-template-notice\">\n\t\t\t<ul>\n\t\t\t\t<li>You must be logged in to reply to this topic.<\/li>\n\t\t\t<\/ul>\n\t\t<\/div>\n\t\t\n\t\t\n<form method=\"post\" action=\"https:\/\/shtlp.stuartcenter.org\/wp-login.php?wpe-login=true\" class=\"bbp-login-form\">\n\t<fieldset class=\"bbp-form\">\n\t\t<legend>Acceder<\/legend>\n\n\t\t<div class=\"bbp-username\">\n\t\t\t<label for=\"user_login\">Nombre de usuario: <\/label>\n\t\t\t<input type=\"text\" name=\"log\" value=\"\" size=\"20\" maxlength=\"100\" id=\"user_login\" autocomplete=\"off\" \/>\n\t\t<\/div>\n\n\t\t<div class=\"bbp-password\">\n\t\t\t<label for=\"user_pass\">Contrase\u00f1a: <\/label>\n\t\t\t<input type=\"password\" name=\"pwd\" value=\"\" size=\"20\" id=\"user_pass\" autocomplete=\"off\" \/>\n\t\t<\/div>\n\n\t\t<div class=\"bbp-remember-me\">\n\t\t\t<input type=\"checkbox\" name=\"rememberme\" value=\"forever\"  id=\"rememberme\" \/>\n\t\t\t<label for=\"rememberme\">Recordar mi contrase\u00f1a<\/label>\n\t\t<\/div>\n\n\t\t\n\t\t<div class=\"bbp-submit-wrapper\">\n\n\t\t\t<button type=\"submit\" name=\"user-submit\" id=\"user-submit\" class=\"button submit user-submit\">Acceder<\/button>\n\n\t\t\t\n\t<input type=\"hidden\" name=\"user-cookie\" value=\"1\" \/>\n\n\t<input type=\"hidden\" id=\"bbp_redirect_to\" name=\"redirect_to\" value=\"https:\/\/shtlp.stuartcenter.org\/es\/wp-json\/wp\/v2\/pages\/1322\" \/><input type=\"hidden\" id=\"_wpnonce\" name=\"_wpnonce\" value=\"0f67a0a986\" \/><input type=\"hidden\" name=\"_wp_http_referer\" value=\"\/es\/wp-json\/wp\/v2\/pages\/1322\" \/>\n\t\t<\/div>\n\t<\/fieldset>\n<\/form>\n\n\t\t\t<\/div>\n\n\n\n\t\n\t\n\n\t\n<\/div>\n\n<\/div><\/div>\n\n<\/div><\/div>","protected":false},"excerpt":{"rendered":"<p>Foro de debate de estudiantes actuales y pasados<\/p>\n","protected":false},"author":2,"featured_media":0,"parent":0,"menu_order":0,"comment_status":"closed","ping_status":"closed","template":"","meta":{"_acf_changed":false,"_bbp_topic_count":0,"_bbp_reply_count":0,"_bbp_total_topic_count":0,"_bbp_total_reply_count":0,"_bbp_voice_count":0,"_bbp_anonymous_reply_count":0,"_bbp_topic_count_hidden":0,"_bbp_reply_count_hidden":0,"_bbp_forum_subforum_count":0,"_kad_blocks_custom_css":"","_kad_blocks_head_custom_js":"","_kad_blocks_body_custom_js":"","_kad_blocks_footer_custom_js":"","_kad_post_transparent":"","_kad_post_title":"hide","_kad_post_layout":"fullwidth","_kad_post_sidebar_id":"","_kad_post_content_style":"","_kad_post_vertical_padding":"","_kad_post_feature":"","_kad_post_feature_position":"","_kad_post_header":false,"_kad_post_footer":false,"_kad_post_classname":"","footnotes":""},"class_list":["post-1322","page","type-page","status-publish","hentry"],"acf":[],"yoast_head":"<!-- This site is optimized with the Yoast SEO plugin v27.3 - https:\/\/yoast.com\/product\/yoast-seo-wordpress\/ -->\n<title>Sacred Heart Transformative Learning Program<\/title>\n<meta name=\"robots\" content=\"index, follow, max-snippet:-1, max-image-preview:large, max-video-preview:-1\" \/>\n<link rel=\"canonical\" href=\"https:\/\/shtlp.stuartcenter.org\/es\/foro-de-debate\/\" \/>\n<meta property=\"og:locale\" content=\"es_ES\" \/>\n<meta property=\"og:type\" content=\"article\" \/>\n<meta property=\"og:title\" content=\"Foro de debate - Sacred Heart Transformative Learning Program\" \/>\n<meta property=\"og:description\" content=\"Foro de debate de estudiantes actuales y pasados\" \/>\n<meta property=\"og:url\" content=\"https:\/\/shtlp.stuartcenter.org\/es\/foro-de-debate\/\" \/>\n<meta property=\"og:site_name\" content=\"Sacred Heart Transformative Learning Program\" \/>\n<meta property=\"article:modified_time\" content=\"2026-04-14T17:03:58+00:00\" \/>\n<meta name=\"twitter:card\" content=\"summary_large_image\" \/>\n<script type=\"application\/ld+json\" class=\"yoast-schema-graph\">{\"@context\":\"https:\\\/\\\/schema.org\",\"@graph\":[{\"@type\":\"WebPage\",\"@id\":\"https:\\\/\\\/shtlp.stuartcenter.org\\\/es\\\/foro-de-debate\\\/\",\"url\":\"https:\\\/\\\/shtlp.stuartcenter.org\\\/es\\\/foro-de-debate\\\/\",\"name\":\"Foro de debate - Sacred Heart Transformative Learning Program\",\"isPartOf\":{\"@id\":\"https:\\\/\\\/shtlp.stuartcenter.org\\\/es\\\/#website\"},\"datePublished\":\"2026-04-14T16:57:15+00:00\",\"dateModified\":\"2026-04-14T17:03:58+00:00\",\"breadcrumb\":{\"@id\":\"https:\\\/\\\/shtlp.stuartcenter.org\\\/es\\\/foro-de-debate\\\/#breadcrumb\"},\"inLanguage\":\"es\",\"potentialAction\":[{\"@type\":\"ReadAction\",\"target\":[\"https:\\\/\\\/shtlp.stuartcenter.org\\\/es\\\/foro-de-debate\\\/\"]}]},{\"@type\":\"BreadcrumbList\",\"@id\":\"https:\\\/\\\/shtlp.stuartcenter.org\\\/es\\\/foro-de-debate\\\/#breadcrumb\",\"itemListElement\":[{\"@type\":\"ListItem\",\"position\":1,\"name\":\"Home\",\"item\":\"https:\\\/\\\/shtlp.stuartcenter.org\\\/es\\\/\"},{\"@type\":\"ListItem\",\"position\":2,\"name\":\"Foro de debate\"}]},{\"@type\":\"WebSite\",\"@id\":\"https:\\\/\\\/shtlp.stuartcenter.org\\\/es\\\/#website\",\"url\":\"https:\\\/\\\/shtlp.stuartcenter.org\\\/es\\\/\",\"name\":\"Sacred Heart Transformative Learning Program\",\"description\":\"\",\"publisher\":{\"@id\":\"https:\\\/\\\/shtlp.stuartcenter.org\\\/es\\\/#organization\"},\"potentialAction\":[{\"@type\":\"SearchAction\",\"target\":{\"@type\":\"EntryPoint\",\"urlTemplate\":\"https:\\\/\\\/shtlp.stuartcenter.org\\\/es\\\/?s={search_term_string}\"},\"query-input\":{\"@type\":\"PropertyValueSpecification\",\"valueRequired\":true,\"valueName\":\"search_term_string\"}}],\"inLanguage\":\"es\"},{\"@type\":\"Organization\",\"@id\":\"https:\\\/\\\/shtlp.stuartcenter.org\\\/es\\\/#organization\",\"name\":\"Programa de Aprendizaje Transformador del Sagrado Coraz\u00f3n\",\"url\":\"https:\\\/\\\/shtlp.stuartcenter.org\\\/es\\\/\",\"logo\":{\"@type\":\"ImageObject\",\"inLanguage\":\"es\",\"@id\":\"https:\\\/\\\/shtlp.stuartcenter.org\\\/es\\\/#\\\/schema\\\/logo\\\/image\\\/\",\"url\":\"https:\\\/\\\/shtlp.stuartcenter.org\\\/wp-content\\\/uploads\\\/2025\\\/07\\\/SHTLP_EngandSp_vectorALL-07-scaled.png\",\"contentUrl\":\"https:\\\/\\\/shtlp.stuartcenter.org\\\/wp-content\\\/uploads\\\/2025\\\/07\\\/SHTLP_EngandSp_vectorALL-07-scaled.png\",\"width\":2560,\"height\":732,\"caption\":\"Programa de Aprendizaje Transformador del Sagrado Coraz\u00f3n\"},\"image\":{\"@id\":\"https:\\\/\\\/shtlp.stuartcenter.org\\\/es\\\/#\\\/schema\\\/logo\\\/image\\\/\"}}]}<\/script>\n<!-- \/ Yoast SEO plugin. -->","yoast_head_json":{"title":"Sacred Heart Transformative Learning Program","robots":{"index":"index","follow":"follow","max-snippet":"max-snippet:-1","max-image-preview":"max-image-preview:large","max-video-preview":"max-video-preview:-1"},"canonical":"https:\/\/shtlp.stuartcenter.org\/es\/foro-de-debate\/","og_locale":"es_ES","og_type":"article","og_title":"Foro de debate - Sacred Heart Transformative Learning Program","og_description":"Foro de debate de estudiantes actuales y pasados","og_url":"https:\/\/shtlp.stuartcenter.org\/es\/foro-de-debate\/","og_site_name":"Sacred Heart Transformative Learning Program","article_modified_time":"2026-04-14T17:03:58+00:00","twitter_card":"summary_large_image","schema":{"@context":"https:\/\/schema.org","@graph":[{"@type":"WebPage","@id":"https:\/\/shtlp.stuartcenter.org\/es\/foro-de-debate\/","url":"https:\/\/shtlp.stuartcenter.org\/es\/foro-de-debate\/","name":"Foro de debate - Sacred Heart Transformative Learning Program","isPartOf":{"@id":"https:\/\/shtlp.stuartcenter.org\/es\/#website"},"datePublished":"2026-04-14T16:57:15+00:00","dateModified":"2026-04-14T17:03:58+00:00","breadcrumb":{"@id":"https:\/\/shtlp.stuartcenter.org\/es\/foro-de-debate\/#breadcrumb"},"inLanguage":"es","potentialAction":[{"@type":"ReadAction","target":["https:\/\/shtlp.stuartcenter.org\/es\/foro-de-debate\/"]}]},{"@type":"BreadcrumbList","@id":"https:\/\/shtlp.stuartcenter.org\/es\/foro-de-debate\/#breadcrumb","itemListElement":[{"@type":"ListItem","position":1,"name":"Home","item":"https:\/\/shtlp.stuartcenter.org\/es\/"},{"@type":"ListItem","position":2,"name":"Foro de debate"}]},{"@type":"WebSite","@id":"https:\/\/shtlp.stuartcenter.org\/es\/#website","url":"https:\/\/shtlp.stuartcenter.org\/es\/","name":"Sacred Heart Transformative Learning Program","description":"","publisher":{"@id":"https:\/\/shtlp.stuartcenter.org\/es\/#organization"},"potentialAction":[{"@type":"SearchAction","target":{"@type":"EntryPoint","urlTemplate":"https:\/\/shtlp.stuartcenter.org\/es\/?s={search_term_string}"},"query-input":{"@type":"PropertyValueSpecification","valueRequired":true,"valueName":"search_term_string"}}],"inLanguage":"es"},{"@type":"Organization","@id":"https:\/\/shtlp.stuartcenter.org\/es\/#organization","name":"Programa de Aprendizaje Transformador del Sagrado Coraz\u00f3n","url":"https:\/\/shtlp.stuartcenter.org\/es\/","logo":{"@type":"ImageObject","inLanguage":"es","@id":"https:\/\/shtlp.stuartcenter.org\/es\/#\/schema\/logo\/image\/","url":"https:\/\/shtlp.stuartcenter.org\/wp-content\/uploads\/2025\/07\/SHTLP_EngandSp_vectorALL-07-scaled.png","contentUrl":"https:\/\/shtlp.stuartcenter.org\/wp-content\/uploads\/2025\/07\/SHTLP_EngandSp_vectorALL-07-scaled.png","width":2560,"height":732,"caption":"Programa de Aprendizaje Transformador del Sagrado Coraz\u00f3n"},"image":{"@id":"https:\/\/shtlp.stuartcenter.org\/es\/#\/schema\/logo\/image\/"}}]}},"taxonomy_info":[],"featured_image_src_large":false,"author_info":{"display_name":"SHTLP Admin","author_link":"https:\/\/shtlp.stuartcenter.org\/es\/author\/benfiatinsight-com\/"},"comment_info":"","_links":{"self":[{"href":"https:\/\/shtlp.stuartcenter.org\/es\/wp-json\/wp\/v2\/pages\/1322","targetHints":{"allow":["GET"]}}],"collection":[{"href":"https:\/\/shtlp.stuartcenter.org\/es\/wp-json\/wp\/v2\/pages"}],"about":[{"href":"https:\/\/shtlp.stuartcenter.org\/es\/wp-json\/wp\/v2\/types\/page"}],"author":[{"embeddable":true,"href":"https:\/\/shtlp.stuartcenter.org\/es\/wp-json\/wp\/v2\/users\/2"}],"replies":[{"embeddable":true,"href":"https:\/\/shtlp.stuartcenter.org\/es\/wp-json\/wp\/v2\/comments?post=1322"}],"version-history":[{"count":0,"href":"https:\/\/shtlp.stuartcenter.org\/es\/wp-json\/wp\/v2\/pages\/1322\/revisions"}],"wp:attachment":[{"href":"https:\/\/shtlp.stuartcenter.org\/es\/wp-json\/wp\/v2\/media?parent=1322"}],"curies":[{"name":"wp","href":"https:\/\/api.w.org\/{rel}","templated":true}]}}